{"id":1194,"date":"2023-11-29T15:27:20","date_gmt":"2023-11-29T15:27:20","guid":{"rendered":"https:\/\/balmeswellnesscenter.com\/les-nostres-promocions\/"},"modified":"2024-05-02T11:01:33","modified_gmt":"2024-05-02T11:01:33","slug":"les-nostres-promocions","status":"publish","type":"page","link":"https:\/\/balmeswellnesscenter.com\/ca\/les-nostres-promocions\/","title":{"rendered":"Les nostres promocions"},"content":{"rendered":"<section class=\"l-section wpb_row us_custom_793da9f1 height_large full_height valign_center width_full\"><div class=\"l-section-h i-cf\"><div class=\"g-cols vc_row via_grid cols_1 laptops-cols_inherit tablets-cols_inherit mobiles-cols_1 valign_top type_default stacking_default\"><div class=\"wpb_column vc_column_container\"><div class=\"vc_column-inner\"><div class=\"wpb_text_column us_custom_435c636a\"><div class=\"wpb_wrapper\"><h1 style=\"text-align: center;\"><strong>Descobreix les nostres promocions<\/strong><\/h1>\n<p style=\"text-align: center;\">Est\u00e0 cercant una manera de relaxar-te i mimar-te? No busqueu m\u00e9s, descobriu les nostres incre\u00efbles promocions en massatges i tractaments. Els nostres serveis estan dissenyats per ajudar-te a veure&#8217;t i sentir-te el millor possible. Des de massatges corporals fins a tractaments facials, tenim alguna cosa que s&#8217;adaptar\u00e0 a les vostres necessitats. Aix\u00ed que pren-te un moment del teu dia per venir i gaudir duna experi\u00e8ncia de luxe.<\/p>\n<\/div><\/div><div class=\"w-separator us_custom_eb849559 size_small with_line width_30 thick_5 style_solid color_primary align_center\"><div class=\"w-separator-h\"><\/div><\/div><div class=\"w-btn-wrapper align_center\"><a class=\"w-btn us-btn-style_1 us_custom_0f8f44b7 icon_atleft\" href=\"#1\"><i class=\"fas fa-chevron-down\"><\/i><span class=\"w-btn-label\">Saber m\u00e9s<\/span><\/a><\/div><\/div><\/div><\/div><\/div><\/section><section class=\"l-section wpb_row height_huge full_height valign_center width_custom color_primary with_img\" style=\"--site-content-width:880px;\" id=\"1\"><div class=\"l-section-img\" role=\"img\" aria-label=\"Imatge\" data-img-width=\"1200\" data-img-height=\"750\" style=\"background-image: url(https:\/\/balmeswellnesscenter.com\/wp-content\/uploads\/2023\/11\/simbolo-signo-porcentaje-dorado-amarillo-concepto-promocion-venta-descuento-renderizado-3d.jpg);\"><\/div><div class=\"l-section-overlay\" style=\"background:linear-gradient(180deg,rgba(0,0,0,0.2),rgba(0,0,0,0.90))\"><\/div><div class=\"l-section-h i-cf\"><div class=\"g-cols vc_row via_grid cols_1 laptops-cols_inherit tablets-cols_inherit mobiles-cols_1 valign_top type_default stacking_default\"><div class=\"wpb_column vc_column_container\"><div class=\"vc_column-inner\"><div class=\"wpb_text_column\"><div class=\"wpb_wrapper\"><h2 style=\"text-align: center;\"><strong>Escull la teva promoci\u00f3<\/strong><\/h2>\n<p style=\"text-align: center;\">En aquesta secci\u00f3 podr\u00e0s veure totes les nostres promocions actives, escull la que m\u00e9s t&#8217;agradi i contracta-la a trav\u00e9s de la nostra secci\u00f3 de contacte.<\/p>\n<\/div><\/div><\/div><\/div><\/div><\/div><\/section><section class=\"l-section wpb_row us_custom_793da9f1 height_large width_full\"><div class=\"l-section-h i-cf\"><div class=\"g-cols vc_row via_grid cols_1 laptops-cols_inherit tablets-cols_inherit mobiles-cols_1 valign_top type_default stacking_default\"><div class=\"wpb_column vc_column_container\" id=\"1\"><div class=\"vc_column-inner\"><div class=\"wpb_text_column\"><div class=\"wpb_wrapper\"><h3 style=\"text-align: center;\"><strong>Ara no tenim promocions en actiu<\/strong><\/h3>\n<\/div><\/div><div class=\"g-cols wpb_row us_custom_eb849559 hide_on_default hide_on_laptops hide_on_tablets hide_on_mobiles via_grid cols_3 laptops-cols_inherit tablets-cols_inherit mobiles-cols_1 valign_top type_default stacking_default\" style=\"--columns-gap:1.5rem;\"><div class=\"wpb_column vc_column_container\"><div class=\"vc_column-inner\"><h3 class=\"w-text us_custom_46f0c993\"><span class=\"w-text-h\"><span class=\"w-text-value\">Massatges relaxants<\/span><\/span><\/h3><div class=\"w-separator size_small\"><\/div><div class=\"w-image us_custom_fd2a8abf has_ratio align_none\"><div class=\"w-image-h\"><div style=\"padding-bottom:66.6667%\"><\/div><img decoding=\"async\" width=\"1024\" height=\"683\" src=\"https:\/\/balmeswellnesscenter.com\/wp-content\/uploads\/2023\/11\/muchacha-hermosa-joven-pelo-oscuro-esperando-masaje-1024x683.jpg\" class=\"attachment-large size-large\" alt=\"\" loading=\"lazy\" \/><\/div><\/div><div class=\"w-separator size_small\"><\/div><div class=\"wpb_text_column\"><div class=\"wpb_wrapper\"><p>El nostre centre \u00e9s el lloc perfecte per a la relaxaci\u00f3 i la tranquil\u00b7litat. El nostre equip de massatgistes us proporcionar\u00e0 una experi\u00e8ncia inoblidable. Desconnectar\u00e0s en cos i \u00e0nima.<\/p>\n<\/div><\/div><div class=\"w-separator us_custom_eb849559 size_custom\" style=\"height:10px\" id=\"r162\"><style><\/style><\/div><div class=\"w-btn-wrapper align_none\"><a class=\"w-btn us-btn-style_1\" href=\"#\"><span class=\"w-btn-label\">Descobrir<\/span><\/a><\/div><\/div><\/div><div class=\"wpb_column vc_column_container\"><div class=\"vc_column-inner\"><div class=\"w-separator us_custom_eb849559 size_custom\" style=\"height:0px\" id=\"l8d1\"><style>@media(max-width:1024px){ #l8d1{height:30px!important}}@media(max-width:600px){ #l8d1{height:30px!important}}<\/style><\/div><div class=\"w-separator us_custom_eb849559 size_custom\" style=\"height:0px\" id=\"uac1\"><style>@media(max-width:1024px){ #uac1{height:30px!important}}@media(max-width:600px){ #uac1{height:30px!important}}<\/style><\/div><h3 class=\"w-text us_custom_46f0c993\"><span class=\"w-text-h\"><span class=\"w-text-value\">Massatges descontracturants<\/span><\/span><\/h3><div class=\"w-separator size_small\"><\/div><div class=\"w-image us_custom_fd2a8abf has_ratio align_none\"><div class=\"w-image-h\"><div style=\"padding-bottom:66.6667%\"><\/div><img decoding=\"async\" width=\"1024\" height=\"683\" src=\"https:\/\/balmeswellnesscenter.com\/wp-content\/uploads\/2023\/11\/masaje-cuerpo-completo-salon-spa-1024x683.jpg\" class=\"attachment-large size-large\" alt=\"\" loading=\"lazy\" \/><\/div><\/div><div class=\"w-separator size_small\"><\/div><div class=\"wpb_text_column\"><div class=\"wpb_wrapper\"><p>Est\u00e0s buscant un lloc per relaxar-te i gaudir dels millors massatges thai a Barcelona? Oferim un servei especialitzat en massatges tradicionals tailandesos.<\/p>\n<\/div><\/div><div class=\"w-separator us_custom_eb849559 size_custom\" style=\"height:10px\" id=\"p0dc\"><style><\/style><\/div><div class=\"w-btn-wrapper align_none\"><a class=\"w-btn us-btn-style_1\" href=\"#\"><span class=\"w-btn-label\">Descobrir<\/span><\/a><\/div><\/div><\/div><div class=\"wpb_column vc_column_container\"><div class=\"vc_column-inner\"><div class=\"w-separator us_custom_eb849559 size_custom\" style=\"height:0px\" id=\"h7cb\"><style>@media(max-width:1024px){ #h7cb{height:30px!important}}@media(max-width:600px){ #h7cb{height:30px!important}}<\/style><\/div><div class=\"w-separator us_custom_eb849559 size_custom\" style=\"height:0px\" id=\"t9b0\"><style>@media(max-width:1024px){ #t9b0{height:30px!important}}@media(max-width:600px){ #t9b0{height:30px!important}}<\/style><\/div><h3 class=\"w-text us_custom_46f0c993\"><span class=\"w-text-h\"><span class=\"w-text-value\">Massatge Craneal<\/span><\/span><\/h3><div class=\"w-separator size_small\"><\/div><div class=\"w-image us_custom_fd2a8abf style_shadow-1 has_ratio align_none\"><div class=\"w-image-h\"><div style=\"padding-bottom:66.6667%\"><\/div><img decoding=\"async\" width=\"1024\" height=\"683\" src=\"https:\/\/balmeswellnesscenter.com\/wp-content\/uploads\/2023\/11\/apuesto-joven-disfrutando-masaje-spa-center-1024x683.jpg\" class=\"attachment-large size-large\" alt=\"\" loading=\"lazy\" \/><\/div><\/div><div class=\"w-separator size_small\"><\/div><div class=\"wpb_text_column\"><div class=\"wpb_wrapper\"><p>Si esteu buscant una forma especial i rom\u00e0ntica de compartir temps amb la vostra parella, llavors heu de provar els massatges per a parelles del nostre centre de Barcelona.<\/p>\n<\/div><\/div><div class=\"w-separator us_custom_eb849559 size_custom\" style=\"height:10px\" id=\"ibba\"><style><\/style><\/div><div class=\"w-btn-wrapper align_none\"><a class=\"w-btn us-btn-style_1\" href=\"#\"><span class=\"w-btn-label\">Descobrir<\/span><\/a><\/div><\/div><\/div><\/div><\/div><\/div><\/div><\/div><\/section><section class=\"l-section wpb_row height_auto with_img parallax_ver with_shape\"><div class=\"l-section-img\" role=\"img\" aria-label=\"masajes barcelona\" data-img-width=\"1200\" data-img-height=\"686\" style=\"background-image: url(https:\/\/balmeswellnesscenter.com\/wp-content\/uploads\/2023\/11\/conjunto-spa-cuidado-piel-decoracion-velas-toallas-botella-aceite-hojas-verdes-flores-ia-generativa.jpg);\"><\/div><div class=\"l-section-shape type_custom pos_bottom hor_flip\" style=\"height:14vh;\"><svg xmlns=\"http:\/\/www.w3.org\/2000\/svg\" viewBox=\"0 0 64 8\" preserveAspectRatio=\"none\" width=\"100%\" height=\"100%\">\r\n\t<path fill=\"currentColor\" d=\"M64 8 L0 8 L0 0 L64 0 Z\"\/>\r\n<\/svg><\/div><div class=\"l-section-h i-cf\"><div class=\"g-cols vc_row via_grid cols_1 laptops-cols_inherit tablets-cols_inherit mobiles-cols_1 valign_middle type_default stacking_default\"><div class=\"wpb_column vc_column_container\"><div class=\"vc_column-inner\"><div class=\"w-separator size_custom\" style=\"height:35vh\" id=\"n84b\"><style><\/style><\/div><div class=\"w-actionbox us_custom_26be20fe color_primary controls_right\"><div class=\"w-actionbox-text\"><h3 class=\"w-actionbox-title\">Descobreix les millors promocions<\/h3><div class=\"w-actionbox-description\"><p>Est\u00e0s buscant una manera de relaxar-te i cuidar-te? A Balmes Wellness Center ho podr\u00e0s fer amb els nostres massatges relaxants i tractaments est\u00e8tics.<\/p>\n<\/div><\/div><div class=\"w-actionbox-controls\"><a class=\"w-btn us-btn-style_3\" href=\"#2\"><span class=\"w-btn-label\">Reservar<\/span><\/a><\/div><\/div><div class=\"w-separator size_custom\" id=\"2\" style=\"height:5px\"><style><\/style><\/div><\/div><\/div><\/div><\/div><\/section>\n","protected":false},"excerpt":{"rendered":"Descobreix les nostres promocions Est\u00e0 cercant una manera de relaxar-te i mimar-te? No busqueu m\u00e9s, descobriu les nostres incre\u00efbles promocions en massatges i tractaments. Els nostres serveis estan dissenyats per ajudar-te a veure&#8217;t i sentir-te el millor possible. Des de massatges corporals fins a tractaments facials, tenim alguna cosa que s&#8217;adaptar\u00e0 a les vostres necessitats....","protected":false},"author":1,"featured_media":0,"parent":0,"menu_order":0,"comment_status":"closed","ping_status":"closed","template":"","meta":{"_joinchat":[],"footnotes":""},"class_list":["post-1194","page","type-page","status-publish","hentry"],"yoast_head":"<!-- This site is optimized with the Yoast SEO plugin v27.3 - https:\/\/yoast.com\/product\/yoast-seo-wordpress\/ -->\n<title>Les nostres promocions - Balmes Wellness Center<\/title>\n<meta name=\"robots\" content=\"index, follow, max-snippet:-1, max-image-preview:large, max-video-preview:-1\" \/>\n<link rel=\"canonical\" href=\"https:\/\/balmeswellnesscenter.com\/ca\/les-nostres-promocions\/\" \/>\n<meta property=\"og:locale\" content=\"ca_ES\" \/>\n<meta property=\"og:type\" content=\"article\" \/>\n<meta property=\"og:title\" content=\"Les nostres promocions - Balmes Wellness Center\" \/>\n<meta property=\"og:url\" content=\"https:\/\/balmeswellnesscenter.com\/ca\/les-nostres-promocions\/\" \/>\n<meta property=\"og:site_name\" content=\"Balmes Wellness Center\" \/>\n<meta property=\"article:modified_time\" content=\"2024-05-02T11:01:33+00:00\" \/>\n<meta property=\"og:image\" content=\"https:\/\/balmeswellnesscenter.com\/wp-content\/uploads\/2023\/11\/toallas-velas-colocan-sobre-mesa-flor-verde.jpg\" \/>\n\t<meta property=\"og:image:width\" content=\"1200\" \/>\n\t<meta property=\"og:image:height\" content=\"821\" \/>\n\t<meta property=\"og:image:type\" content=\"image\/jpeg\" \/>\n<meta name=\"twitter:card\" content=\"summary_large_image\" \/>\n<meta name=\"twitter:label1\" content=\"Temps estimat de lectura\" \/>\n\t<meta name=\"twitter:data1\" content=\"5 minuts\" \/>\n<script type=\"application\/ld+json\" class=\"yoast-schema-graph\">{\"@context\":\"https:\\\/\\\/schema.org\",\"@graph\":[{\"@type\":\"WebPage\",\"@id\":\"https:\\\/\\\/balmeswellnesscenter.com\\\/ca\\\/les-nostres-promocions\\\/\",\"url\":\"https:\\\/\\\/balmeswellnesscenter.com\\\/ca\\\/les-nostres-promocions\\\/\",\"name\":\"Les nostres promocions - Balmes Wellness Center\",\"isPartOf\":{\"@id\":\"https:\\\/\\\/balmeswellnesscenter.com\\\/ca\\\/#website\"},\"datePublished\":\"2023-11-29T15:27:20+00:00\",\"dateModified\":\"2024-05-02T11:01:33+00:00\",\"breadcrumb\":{\"@id\":\"https:\\\/\\\/balmeswellnesscenter.com\\\/ca\\\/les-nostres-promocions\\\/#breadcrumb\"},\"inLanguage\":\"ca\",\"potentialAction\":[{\"@type\":\"ReadAction\",\"target\":[\"https:\\\/\\\/balmeswellnesscenter.com\\\/ca\\\/les-nostres-promocions\\\/\"]}]},{\"@type\":\"BreadcrumbList\",\"@id\":\"https:\\\/\\\/balmeswellnesscenter.com\\\/ca\\\/les-nostres-promocions\\\/#breadcrumb\",\"itemListElement\":[{\"@type\":\"ListItem\",\"position\":1,\"name\":\"Portada\",\"item\":\"https:\\\/\\\/balmeswellnesscenter.com\\\/ca\\\/inici\\\/\"},{\"@type\":\"ListItem\",\"position\":2,\"name\":\"Les nostres promocions\"}]},{\"@type\":\"WebSite\",\"@id\":\"https:\\\/\\\/balmeswellnesscenter.com\\\/ca\\\/#website\",\"url\":\"https:\\\/\\\/balmeswellnesscenter.com\\\/ca\\\/\",\"name\":\"BalmesWellnessCenter.com\",\"description\":\"BalmesWellnessCenter.com\",\"publisher\":{\"@id\":\"https:\\\/\\\/balmeswellnesscenter.com\\\/ca\\\/#organization\"},\"alternateName\":\"Balmes Wellness Center\",\"potentialAction\":[{\"@type\":\"SearchAction\",\"target\":{\"@type\":\"EntryPoint\",\"urlTemplate\":\"https:\\\/\\\/balmeswellnesscenter.com\\\/ca\\\/?s={search_term_string}\"},\"query-input\":{\"@type\":\"PropertyValueSpecification\",\"valueRequired\":true,\"valueName\":\"search_term_string\"}}],\"inLanguage\":\"ca\"},{\"@type\":\"Organization\",\"@id\":\"https:\\\/\\\/balmeswellnesscenter.com\\\/ca\\\/#organization\",\"name\":\"BalmesWellnessCenter.com\",\"url\":\"https:\\\/\\\/balmeswellnesscenter.com\\\/ca\\\/\",\"logo\":{\"@type\":\"ImageObject\",\"inLanguage\":\"ca\",\"@id\":\"https:\\\/\\\/balmeswellnesscenter.com\\\/ca\\\/#\\\/schema\\\/logo\\\/image\\\/\",\"url\":\"https:\\\/\\\/balmeswellnesscenter.com\\\/wp-content\\\/uploads\\\/2024\\\/01\\\/Logotipo-dorado-fondo-negro.jpg\",\"contentUrl\":\"https:\\\/\\\/balmeswellnesscenter.com\\\/wp-content\\\/uploads\\\/2024\\\/01\\\/Logotipo-dorado-fondo-negro.jpg\",\"width\":814,\"height\":764,\"caption\":\"BalmesWellnessCenter.com\"},\"image\":{\"@id\":\"https:\\\/\\\/balmeswellnesscenter.com\\\/ca\\\/#\\\/schema\\\/logo\\\/image\\\/\"}}]}<\/script>\n<!-- \/ Yoast SEO plugin. -->","yoast_head_json":{"title":"Les nostres promocions - Balmes Wellness Center","robots":{"index":"index","follow":"follow","max-snippet":"max-snippet:-1","max-image-preview":"max-image-preview:large","max-video-preview":"max-video-preview:-1"},"canonical":"https:\/\/balmeswellnesscenter.com\/ca\/les-nostres-promocions\/","og_locale":"ca_ES","og_type":"article","og_title":"Les nostres promocions - Balmes Wellness Center","og_url":"https:\/\/balmeswellnesscenter.com\/ca\/les-nostres-promocions\/","og_site_name":"Balmes Wellness Center","article_modified_time":"2024-05-02T11:01:33+00:00","og_image":[{"width":1200,"height":821,"url":"https:\/\/balmeswellnesscenter.com\/wp-content\/uploads\/2023\/11\/toallas-velas-colocan-sobre-mesa-flor-verde.jpg","type":"image\/jpeg"}],"twitter_card":"summary_large_image","twitter_misc":{"Temps estimat de lectura":"5 minuts"},"schema":{"@context":"https:\/\/schema.org","@graph":[{"@type":"WebPage","@id":"https:\/\/balmeswellnesscenter.com\/ca\/les-nostres-promocions\/","url":"https:\/\/balmeswellnesscenter.com\/ca\/les-nostres-promocions\/","name":"Les nostres promocions - Balmes Wellness Center","isPartOf":{"@id":"https:\/\/balmeswellnesscenter.com\/ca\/#website"},"datePublished":"2023-11-29T15:27:20+00:00","dateModified":"2024-05-02T11:01:33+00:00","breadcrumb":{"@id":"https:\/\/balmeswellnesscenter.com\/ca\/les-nostres-promocions\/#breadcrumb"},"inLanguage":"ca","potentialAction":[{"@type":"ReadAction","target":["https:\/\/balmeswellnesscenter.com\/ca\/les-nostres-promocions\/"]}]},{"@type":"BreadcrumbList","@id":"https:\/\/balmeswellnesscenter.com\/ca\/les-nostres-promocions\/#breadcrumb","itemListElement":[{"@type":"ListItem","position":1,"name":"Portada","item":"https:\/\/balmeswellnesscenter.com\/ca\/inici\/"},{"@type":"ListItem","position":2,"name":"Les nostres promocions"}]},{"@type":"WebSite","@id":"https:\/\/balmeswellnesscenter.com\/ca\/#website","url":"https:\/\/balmeswellnesscenter.com\/ca\/","name":"BalmesWellnessCenter.com","description":"BalmesWellnessCenter.com","publisher":{"@id":"https:\/\/balmeswellnesscenter.com\/ca\/#organization"},"alternateName":"Balmes Wellness Center","potentialAction":[{"@type":"SearchAction","target":{"@type":"EntryPoint","urlTemplate":"https:\/\/balmeswellnesscenter.com\/ca\/?s={search_term_string}"},"query-input":{"@type":"PropertyValueSpecification","valueRequired":true,"valueName":"search_term_string"}}],"inLanguage":"ca"},{"@type":"Organization","@id":"https:\/\/balmeswellnesscenter.com\/ca\/#organization","name":"BalmesWellnessCenter.com","url":"https:\/\/balmeswellnesscenter.com\/ca\/","logo":{"@type":"ImageObject","inLanguage":"ca","@id":"https:\/\/balmeswellnesscenter.com\/ca\/#\/schema\/logo\/image\/","url":"https:\/\/balmeswellnesscenter.com\/wp-content\/uploads\/2024\/01\/Logotipo-dorado-fondo-negro.jpg","contentUrl":"https:\/\/balmeswellnesscenter.com\/wp-content\/uploads\/2024\/01\/Logotipo-dorado-fondo-negro.jpg","width":814,"height":764,"caption":"BalmesWellnessCenter.com"},"image":{"@id":"https:\/\/balmeswellnesscenter.com\/ca\/#\/schema\/logo\/image\/"}}]}},"_links":{"self":[{"href":"https:\/\/balmeswellnesscenter.com\/ca\/wp-json\/wp\/v2\/pages\/1194","targetHints":{"allow":["GET"]}}],"collection":[{"href":"https:\/\/balmeswellnesscenter.com\/ca\/wp-json\/wp\/v2\/pages"}],"about":[{"href":"https:\/\/balmeswellnesscenter.com\/ca\/wp-json\/wp\/v2\/types\/page"}],"author":[{"embeddable":true,"href":"https:\/\/balmeswellnesscenter.com\/ca\/wp-json\/wp\/v2\/users\/1"}],"replies":[{"embeddable":true,"href":"https:\/\/balmeswellnesscenter.com\/ca\/wp-json\/wp\/v2\/comments?post=1194"}],"version-history":[{"count":0,"href":"https:\/\/balmeswellnesscenter.com\/ca\/wp-json\/wp\/v2\/pages\/1194\/revisions"}],"wp:attachment":[{"href":"https:\/\/balmeswellnesscenter.com\/ca\/wp-json\/wp\/v2\/media?parent=1194"}],"curies":[{"name":"wp","href":"https:\/\/api.w.org\/{rel}","templated":true}]}}