{"id":1207,"date":"2024-03-20T12:19:22","date_gmt":"2024-03-20T12:19:22","guid":{"rendered":"https:\/\/balmeswellnesscenter.com\/nota-legal\/"},"modified":"2025-08-20T09:38:06","modified_gmt":"2025-08-20T09:38:06","slug":"nota-legal","status":"publish","type":"page","link":"https:\/\/balmeswellnesscenter.com\/ca\/nota-legal\/","title":{"rendered":"Nota legal"},"content":{"rendered":"<section class=\"l-section wpb_row height_medium\"><div class=\"l-section-h i-cf\"><div class=\"g-cols vc_row via_grid cols_1 laptops-cols_inherit tablets-cols_inherit mobiles-cols_1 valign_top type_default stacking_default\"><div class=\"wpb_column vc_column_container\"><div class=\"vc_column-inner\"><div class=\"wpb_text_column\"><div class=\"wpb_wrapper\"><h1>AV\u00cdS LEGAL<\/h1>\n<p>Aquest av\u00eds legal regula l&#8217;\u00fas de la present p\u00e0gina web. L&#8217;acc\u00e9s i\/o \u00fas del website WWW.balmeswellnesscenter.COM atribueix a qui el realitza la condici\u00f3 d&#8217;usuari. Tot usuari ha de llegir atentament els termes d&#8217;\u00fas abans d&#8217;accedir o fer servir el nostre WEBSITE, el seu acc\u00e9s o \u00fas suposa l&#8217;acceptaci\u00f3 plena de totes i cadascuna de les condicions que s&#8217;incorporen al present av\u00eds legal. El fet d&#8217;accedir a aquest lloc web i utilitzar-hi els materials continguts, implica que ha llegit i accepta aquestes condicions.<\/p>\n<h4>PROTECCI\u00d3 DE DADES<\/h4>\n<p>De conformitat amb el Reglament (UE) 2016\/679 General de Protecci\u00f3 de Dades, us informem que el Responsable del tractament de les dades facilitades \u00e9s <strong>Balmes Wellness Center<\/strong> , SL, amb CIF B70746870 i domicili al Carrer Balmes 223 soterrani 3 08006 Barcelona.<\/p>\n<p>Les dades facilitades seran utilitzades per dur a terme la prestaci\u00f3, gesti\u00f3 i facturaci\u00f3 dels nostres serveis. Amb el vostre consentiment, les dades facilitades podran ser utilitzades per remetre-li prospecci\u00f3 comercial del vostre inter\u00e8s sobre els nostres productes o serveis a trav\u00e9s de correu electr\u00f2nic, WhatsApp o SMS. El consentiment per al tractament de les vostres dades per a aquesta finalitat \u00e9s diferent del consentiment atorgat per a la finalitat principal, per la qual cosa vost\u00e8 pot no acceptar-la.<\/p>\n<p>La base legal per al tractament de les dades facilitades \u00e9s la signatura daquest document. Si actua com a representant legal d&#8217;un menor d&#8217;edat, la base legal per al tractament de les dades del seu representat \u00e9s tamb\u00e9 el seu consentiment.<\/p>\n<p>Podeu exercir els drets d&#8217;acc\u00e9s, rectificaci\u00f3, cancel\u00b7laci\u00f3, oposici\u00f3, limitaci\u00f3, portabilitat, ia no ser objecte de decisions automatitzades individualitzades que la normativa us confereix tant sobre les vostres dades com respecte les dades del vostre representant mitjan\u00e7ant un escrit dirigit a l&#8217;adre\u00e7a de correu electr\u00f2nic info@balmeswellnesscenter.com, acompanyant aquesta sol\u00b7licitud d&#8217;una c\u00f2pia dels vostres DNI o altres documents identificatius.<\/p>\n<p>Les dades facilitades es conservaran mentre vost\u00e8 o qualsevol interessat no ens sol\u00b7liciti la seva supressi\u00f3 i, en tot cas, durant els terminis de temps m\u00ednims establerts a la normativa legal vigent. Les dades facilitades seran comunicades a tercers subcontractats per a la prestaci\u00f3 de serveis de gesti\u00f3 administrativa, inform\u00e0tica, de hosting, m\u00e0rqueting, comptable o fiscal. Tots els nostres prove\u00efdors disposen de contractes de confidencialitat signats.<\/p>\n<p>Davant de qualsevol fet que considereu com una infracci\u00f3 de la normativa vigent en protecci\u00f3 de dades, podeu formular den\u00fancia per escrit davant l&#8217;Ag\u00e8ncia Espanyola de Protecci\u00f3 de dades (AEPD).<\/p>\n<h4>RESPONSABILITAT PER LINKS<\/h4>\n<p>Aquest lloc web pot contenir enlla\u00e7os (links) per a p\u00e0gines web operades per tercers. Aquests enlla\u00e7os es faciliten nom\u00e9s com a refer\u00e8ncia. <strong>Balmes Wellness Center<\/strong> no t\u00e9 control sobre aquests llocs web i no es responsabilitza del contingut dels mateixos. Un cop connectat a una altra p\u00e0gina web, l&#8217;usuari estar\u00e0 subjecte a la pol\u00edtica de privadesa de la p\u00e0gina on es trobi, eximint <strong>Balmes Wellness Center<\/strong> de tota responsabilitat.<\/p>\n<h4>\u00daS DE COOKIES I DEL FITXER D&#8217;ACTIVITAT<\/h4>\n<p><strong>Balmes Wellness Center<\/strong> , o, per compte d&#8217;aquesta, un tercer contractat per a la prestaci\u00f3 de serveis de mesurament d&#8217;audi\u00e8ncies, poden utilitzar cookies quan un usuari navega pels llocs i les p\u00e0gines del WEBSITE. Les galetes s\u00f3n fitxers enviats a un navegador per mitj\u00e0 d&#8217;un servidor web per registrar les activitats de l&#8217;usuari al WEBSITE.<\/p>\n<p>Les galetes utilitzades per <strong>Balmes Wellness Center<\/strong> o el tercer que actu\u00ef en nom seu, s&#8217;associen \u00fanicament amb un usuari an\u00f2nim i el seu ordinador, i no proporcionen per si mateix les dades personals de l&#8217;usuari.<\/p>\n<p>Quan l&#8217;usuari permeti la seva recepci\u00f3, podr\u00e0 con\u00e8ixer el servidor que utilitza les galetes, per a qu\u00e8 haur\u00e0 de consultar les instruccions d&#8217;\u00fas del seu navegador.<\/p>\n<p>Gr\u00e0cies a les galetes, \u00e9s possible que el servidor de <strong>Balmes Wellness Center<\/strong> , o del tercer que actu\u00ef en nom seu, reconegui el navegador de l&#8217;ordinador utilitzat per l&#8217;usuari amb la finalitat que la navegaci\u00f3 sigui m\u00e9s senzilla. S&#8217;utilitzen tamb\u00e9 per mesurar l&#8217;audi\u00e8ncia i els par\u00e0metres del tr\u00e0nsit, controlar el progr\u00e9s i el nombre d&#8217;entrades.<\/p>\n<p>L&#8217;usuari t\u00e9 la possibilitat de configurar el vostre navegador per ser avisat en pantalla de la recepci\u00f3 de cookies i per impedir la seva instal\u00b7laci\u00f3 al disc dur. Consulteu les instruccions i manuals del vostre navegador per ampliar aquesta informaci\u00f3. Per utilitzar el WEBSITE, no cal que l&#8217;usuari permeti la instal\u00b7laci\u00f3 de les cookies enviades per <strong>Balmes Wellness Center<\/strong> , o el tercer que actu\u00ef en nom seu.<\/p>\n<p>De la mateixa manera, els servidors web de <strong>Balmes Wellness Center<\/strong> detecten de manera autom\u00e0tica ladre\u00e7a IP i el nom de domini utilitzats per lusuari. Tota aquesta informaci\u00f3 \u00e9s registrada en un fitxer d&#8217;activitat del servidor que permet el processament posterior de les dades per tal d&#8217;obtenir mesures estad\u00edstiques que permetin con\u00e8ixer el nombre d&#8217;impressions de p\u00e0gines, el nombre de visites realitzades als serveis web, etc.<\/p>\n<h4>COPYRIGHT<\/h4>\n<p>Els textos (informacions, conceptes, opinions i altres an\u00e0legs) i elements gr\u00e0fics (disseny, logos, codi font i altres an\u00e0legs) que constitueixen el WEBSITE i difosos a trav\u00e9s d&#8217;aquest, aix\u00ed com la seva presentaci\u00f3 i muntatge, s\u00f3n titularitat exclusiva de <strong>Balmes Wellness Center<\/strong> u ostenta els drets dexplotaci\u00f3 daquests a trav\u00e9s dacords amb tercers.<\/p>\n<p>En aquest sentit, es constitueixen com a obres protegides pel conjunt de la regulaci\u00f3 espanyola i comunit\u00e0ria en l&#8217;\u00e0mbit de la propietat intel\u00b7lectual, d&#8217;acord amb el Reial Decret Legislatiu 1\/1996, de 12 d&#8217;abril, pel qual s&#8217;aprova el Text ref\u00f3s de la Llei de Propietat Intel\u00b7lectual i la Llei 5\/1998, de 6 de mar\u00e7, d&#8217;Incorporaci\u00f3 al Dret Espanyol de la Directiva 96\/9\/CE sobre la Protecci\u00f3 Jur\u00eddica de les Bases de Dades, i tamb\u00e9 els s\u00f3n aplicables els tractats internacionals subscrits en aquest camp .<\/p>\n<p><strong>Balmes Wellness Center<\/strong> no concedeix cap llic\u00e8ncia d&#8217;\u00fas o autoritzaci\u00f3 sobre els seus drets de propietat industrial i intel\u00b7lectual o sobre qualsevol altra propietat o dret relacionat amb el seu WEBSITE, llevat d&#8217;acord expr\u00e9s amb tercers.<\/p>\n<p>Els usuaris podran dur a terme la reproducci\u00f3 dels continguts del WEBSITE amb l&#8217;\u00fanica finalitat de procedir a emmagatzemar-los, fer c\u00f2pies de seguretat o imprimir-les sobre paper per a \u00fas privat.<\/p>\n<p>Al marge de l&#8217;anterior, queda prohibida tota reproducci\u00f3, distribuci\u00f3, transformaci\u00f3, presentaci\u00f3, total o parcial, del contingut del WEBSITE o d&#8217;algun dels seus elements, de manera directa o indirecta per xarxes telem\u00e0tiques o suports an\u00e0legs, amb una finalitat comercial dirigida al p\u00fablic o per a una utilitzaci\u00f3 m\u00e9s enll\u00e0 de les esmentades, encara citant la font, sempre que no es compti amb l&#8217;autoritzaci\u00f3 expressa i per escrit de <strong>Balmes Wellness Center<\/strong> i, si escau, de tercers col\u00b7laboradors. L&#8217;incompliment de l&#8217;anterior facultar\u00e0 <strong>Balmes Wellness Center<\/strong> per interposar les accions legals pertinents.<\/p>\n<p><strong>Queden especialment prohibides<\/strong><\/p>\n<p>La presentaci\u00f3 d&#8217;una p\u00e0gina del WEBSITE en una marc d&#8217;una altra p\u00e0gina web que no pertanyi a <strong>Balmes Wellness Center<\/strong> , mitjan\u00e7ant la t\u00e8cnica anomenada &#8220;framing&#8221; tret que compti amb l&#8217;expr\u00e9s consentiment per escrit de <strong>Balmes Wellness Center<\/strong> .<\/p>\n<p>La inserci\u00f3 d&#8217;una imatge difosa al WEBSITE en una p\u00e0gina o base de dades, no pertanyent a <strong>Balmes Wellness Center<\/strong> , mitjan\u00e7ant la t\u00e8cnica anomenada &#8220;in line linking&#8221; si aix\u00f2 no compta amb l&#8217;autoritzaci\u00f3 expressa de <strong>Balmes Wellness Center<\/strong> .<\/p>\n<p>L&#8217;extracci\u00f3 i l&#8217;\u00fas d&#8217;elements del WEBSITE causant o no un perjudici qualsevol a <strong>Balmes Wellness Center<\/strong>, d&#8217;acord amb les disposicions del Reial Decret Legislatiu 1\/1996, de 12 d&#8217;abril, pel qual s&#8217;aprova el Text ref\u00f3s de la Llei de propietat intel\u00b7lectual i la Llei 5\/1998, de 6 de mar\u00e7, d&#8217;incorporaci\u00f3 al dret espanyol de la Directiva 96\/9\/CE sobre la protecci\u00f3 jur\u00eddica de les bases de dades.<\/p>\n<p><strong>Balmes Wellness Center<\/strong> haur\u00e0 d&#8217;autoritzar expressament l&#8217;establiment de links d&#8217;hipertext (hipervincles) en una altra website dirigits a l&#8217;homepage d&#8217;aquest WEBSITE oa qualsevol altra p\u00e0gina interna d&#8217;aquest, sempre que les p\u00e0gines corresponents apareguin en una finestra completa i sota les adreces electr\u00f2niques pr\u00f2pies del mateix .<\/p>\n<p>Els drets no expressament concedits anteriorment queden reservats a <strong>Balmes Wellness Center<\/strong> o, si escau, a tercers col\u00b7laboradors.<\/p>\n<p>Tots els noms comercials, marques o signes distintius, logotips, s\u00edmbols, marques mixtes, figuratives o nominatives que apareixen en aquest WEBSITE pertanyen a <strong>Balmes Wellness Center<\/strong> o disposa, amb l&#8217;autoritzaci\u00f3 pr\u00e8via, del dret d&#8217;\u00fas sobre aquestes i es troben protegits per la legislaci\u00f3 vigent sobre aix\u00f2.<\/p>\n<h4>INFORMACI\u00d3 GENERAL<\/h4>\n<p><strong>Balmes Wellness Center<\/strong> t\u00e9 un establiment permanent a Espanya a la ciutat de Barcelona, \u200b\u200bal Carrer Val\u00e8ncia, 304. A efectes informatius, l&#8217;usuari pot contactar amb <strong>Balmes Wellness Center<\/strong> a trav\u00e9s de l&#8217;adre\u00e7a electr\u00f2nica info@balmeswellnesscenter.com<\/p>\n<p><strong>Balmes Wellness Center<\/strong> consta inscrita al Registre Mercantil de Barcelona: Tom 40153, Foli 0116, Secci\u00f3 GENERAL, Full 362111.<\/p>\n<\/div><\/div><\/div><\/div><\/div><\/div><\/section>\n","protected":false},"excerpt":{"rendered":"AV\u00cdS LEGAL Aquest av\u00eds legal regula l&#8217;\u00fas de la present p\u00e0gina web. L&#8217;acc\u00e9s i\/o \u00fas del website WWW.balmeswellnesscenter.COM atribueix a qui el realitza la condici\u00f3 d&#8217;usuari. Tot usuari ha de llegir atentament els termes d&#8217;\u00fas abans d&#8217;accedir o fer servir el nostre WEBSITE, el seu acc\u00e9s o \u00fas suposa l&#8217;acceptaci\u00f3 plena de totes i cadascuna...","protected":false},"author":1,"featured_media":0,"parent":0,"menu_order":0,"comment_status":"closed","ping_status":"closed","template":"","meta":{"_joinchat":[],"footnotes":""},"class_list":["post-1207","page","type-page","status-publish","hentry"],"yoast_head":"<!-- This site is optimized with the Yoast SEO plugin v27.3 - https:\/\/yoast.com\/product\/yoast-seo-wordpress\/ -->\n<title>Nota legal - Balmes Wellness Center<\/title>\n<meta name=\"robots\" content=\"index, follow, max-snippet:-1, max-image-preview:large, max-video-preview:-1\" \/>\n<link rel=\"canonical\" href=\"https:\/\/balmeswellnesscenter.com\/ca\/nota-legal\/\" \/>\n<meta property=\"og:locale\" content=\"ca_ES\" \/>\n<meta property=\"og:type\" content=\"article\" \/>\n<meta property=\"og:title\" content=\"Nota legal - Balmes Wellness Center\" \/>\n<meta property=\"og:url\" content=\"https:\/\/balmeswellnesscenter.com\/ca\/nota-legal\/\" \/>\n<meta property=\"og:site_name\" content=\"Balmes Wellness Center\" \/>\n<meta property=\"article:modified_time\" content=\"2025-08-20T09:38:06+00:00\" \/>\n<meta property=\"og:image\" content=\"https:\/\/balmeswellnesscenter.com\/wp-content\/uploads\/2023\/11\/toallas-velas-colocan-sobre-mesa-flor-verde.jpg\" \/>\n\t<meta property=\"og:image:width\" content=\"1200\" \/>\n\t<meta property=\"og:image:height\" content=\"821\" \/>\n\t<meta property=\"og:image:type\" content=\"image\/jpeg\" \/>\n<meta name=\"twitter:card\" content=\"summary_large_image\" \/>\n<meta name=\"twitter:label1\" content=\"Temps estimat de lectura\" \/>\n\t<meta name=\"twitter:data1\" content=\"7 minuts\" \/>\n<script type=\"application\/ld+json\" class=\"yoast-schema-graph\">{\"@context\":\"https:\\\/\\\/schema.org\",\"@graph\":[{\"@type\":\"WebPage\",\"@id\":\"https:\\\/\\\/balmeswellnesscenter.com\\\/ca\\\/nota-legal\\\/\",\"url\":\"https:\\\/\\\/balmeswellnesscenter.com\\\/ca\\\/nota-legal\\\/\",\"name\":\"Nota legal - Balmes Wellness Center\",\"isPartOf\":{\"@id\":\"https:\\\/\\\/balmeswellnesscenter.com\\\/ca\\\/#website\"},\"datePublished\":\"2024-03-20T12:19:22+00:00\",\"dateModified\":\"2025-08-20T09:38:06+00:00\",\"breadcrumb\":{\"@id\":\"https:\\\/\\\/balmeswellnesscenter.com\\\/ca\\\/nota-legal\\\/#breadcrumb\"},\"inLanguage\":\"ca\",\"potentialAction\":[{\"@type\":\"ReadAction\",\"target\":[\"https:\\\/\\\/balmeswellnesscenter.com\\\/ca\\\/nota-legal\\\/\"]}]},{\"@type\":\"BreadcrumbList\",\"@id\":\"https:\\\/\\\/balmeswellnesscenter.com\\\/ca\\\/nota-legal\\\/#breadcrumb\",\"itemListElement\":[{\"@type\":\"ListItem\",\"position\":1,\"name\":\"Portada\",\"item\":\"https:\\\/\\\/balmeswellnesscenter.com\\\/ca\\\/inici\\\/\"},{\"@type\":\"ListItem\",\"position\":2,\"name\":\"Nota legal\"}]},{\"@type\":\"WebSite\",\"@id\":\"https:\\\/\\\/balmeswellnesscenter.com\\\/ca\\\/#website\",\"url\":\"https:\\\/\\\/balmeswellnesscenter.com\\\/ca\\\/\",\"name\":\"BalmesWellnessCenter.com\",\"description\":\"BalmesWellnessCenter.com\",\"publisher\":{\"@id\":\"https:\\\/\\\/balmeswellnesscenter.com\\\/ca\\\/#organization\"},\"alternateName\":\"Balmes Wellness Center\",\"potentialAction\":[{\"@type\":\"SearchAction\",\"target\":{\"@type\":\"EntryPoint\",\"urlTemplate\":\"https:\\\/\\\/balmeswellnesscenter.com\\\/ca\\\/?s={search_term_string}\"},\"query-input\":{\"@type\":\"PropertyValueSpecification\",\"valueRequired\":true,\"valueName\":\"search_term_string\"}}],\"inLanguage\":\"ca\"},{\"@type\":\"Organization\",\"@id\":\"https:\\\/\\\/balmeswellnesscenter.com\\\/ca\\\/#organization\",\"name\":\"BalmesWellnessCenter.com\",\"url\":\"https:\\\/\\\/balmeswellnesscenter.com\\\/ca\\\/\",\"logo\":{\"@type\":\"ImageObject\",\"inLanguage\":\"ca\",\"@id\":\"https:\\\/\\\/balmeswellnesscenter.com\\\/ca\\\/#\\\/schema\\\/logo\\\/image\\\/\",\"url\":\"https:\\\/\\\/balmeswellnesscenter.com\\\/wp-content\\\/uploads\\\/2024\\\/01\\\/Logotipo-dorado-fondo-negro.jpg\",\"contentUrl\":\"https:\\\/\\\/balmeswellnesscenter.com\\\/wp-content\\\/uploads\\\/2024\\\/01\\\/Logotipo-dorado-fondo-negro.jpg\",\"width\":814,\"height\":764,\"caption\":\"BalmesWellnessCenter.com\"},\"image\":{\"@id\":\"https:\\\/\\\/balmeswellnesscenter.com\\\/ca\\\/#\\\/schema\\\/logo\\\/image\\\/\"}}]}<\/script>\n<!-- \/ Yoast SEO plugin. -->","yoast_head_json":{"title":"Nota legal - Balmes Wellness Center","robots":{"index":"index","follow":"follow","max-snippet":"max-snippet:-1","max-image-preview":"max-image-preview:large","max-video-preview":"max-video-preview:-1"},"canonical":"https:\/\/balmeswellnesscenter.com\/ca\/nota-legal\/","og_locale":"ca_ES","og_type":"article","og_title":"Nota legal - Balmes Wellness Center","og_url":"https:\/\/balmeswellnesscenter.com\/ca\/nota-legal\/","og_site_name":"Balmes Wellness Center","article_modified_time":"2025-08-20T09:38:06+00:00","og_image":[{"width":1200,"height":821,"url":"https:\/\/balmeswellnesscenter.com\/wp-content\/uploads\/2023\/11\/toallas-velas-colocan-sobre-mesa-flor-verde.jpg","type":"image\/jpeg"}],"twitter_card":"summary_large_image","twitter_misc":{"Temps estimat de lectura":"7 minuts"},"schema":{"@context":"https:\/\/schema.org","@graph":[{"@type":"WebPage","@id":"https:\/\/balmeswellnesscenter.com\/ca\/nota-legal\/","url":"https:\/\/balmeswellnesscenter.com\/ca\/nota-legal\/","name":"Nota legal - Balmes Wellness Center","isPartOf":{"@id":"https:\/\/balmeswellnesscenter.com\/ca\/#website"},"datePublished":"2024-03-20T12:19:22+00:00","dateModified":"2025-08-20T09:38:06+00:00","breadcrumb":{"@id":"https:\/\/balmeswellnesscenter.com\/ca\/nota-legal\/#breadcrumb"},"inLanguage":"ca","potentialAction":[{"@type":"ReadAction","target":["https:\/\/balmeswellnesscenter.com\/ca\/nota-legal\/"]}]},{"@type":"BreadcrumbList","@id":"https:\/\/balmeswellnesscenter.com\/ca\/nota-legal\/#breadcrumb","itemListElement":[{"@type":"ListItem","position":1,"name":"Portada","item":"https:\/\/balmeswellnesscenter.com\/ca\/inici\/"},{"@type":"ListItem","position":2,"name":"Nota legal"}]},{"@type":"WebSite","@id":"https:\/\/balmeswellnesscenter.com\/ca\/#website","url":"https:\/\/balmeswellnesscenter.com\/ca\/","name":"BalmesWellnessCenter.com","description":"BalmesWellnessCenter.com","publisher":{"@id":"https:\/\/balmeswellnesscenter.com\/ca\/#organization"},"alternateName":"Balmes Wellness Center","potentialAction":[{"@type":"SearchAction","target":{"@type":"EntryPoint","urlTemplate":"https:\/\/balmeswellnesscenter.com\/ca\/?s={search_term_string}"},"query-input":{"@type":"PropertyValueSpecification","valueRequired":true,"valueName":"search_term_string"}}],"inLanguage":"ca"},{"@type":"Organization","@id":"https:\/\/balmeswellnesscenter.com\/ca\/#organization","name":"BalmesWellnessCenter.com","url":"https:\/\/balmeswellnesscenter.com\/ca\/","logo":{"@type":"ImageObject","inLanguage":"ca","@id":"https:\/\/balmeswellnesscenter.com\/ca\/#\/schema\/logo\/image\/","url":"https:\/\/balmeswellnesscenter.com\/wp-content\/uploads\/2024\/01\/Logotipo-dorado-fondo-negro.jpg","contentUrl":"https:\/\/balmeswellnesscenter.com\/wp-content\/uploads\/2024\/01\/Logotipo-dorado-fondo-negro.jpg","width":814,"height":764,"caption":"BalmesWellnessCenter.com"},"image":{"@id":"https:\/\/balmeswellnesscenter.com\/ca\/#\/schema\/logo\/image\/"}}]}},"_links":{"self":[{"href":"https:\/\/balmeswellnesscenter.com\/ca\/wp-json\/wp\/v2\/pages\/1207","targetHints":{"allow":["GET"]}}],"collection":[{"href":"https:\/\/balmeswellnesscenter.com\/ca\/wp-json\/wp\/v2\/pages"}],"about":[{"href":"https:\/\/balmeswellnesscenter.com\/ca\/wp-json\/wp\/v2\/types\/page"}],"author":[{"embeddable":true,"href":"https:\/\/balmeswellnesscenter.com\/ca\/wp-json\/wp\/v2\/users\/1"}],"replies":[{"embeddable":true,"href":"https:\/\/balmeswellnesscenter.com\/ca\/wp-json\/wp\/v2\/comments?post=1207"}],"version-history":[{"count":1,"href":"https:\/\/balmeswellnesscenter.com\/ca\/wp-json\/wp\/v2\/pages\/1207\/revisions"}],"predecessor-version":[{"id":1591,"href":"https:\/\/balmeswellnesscenter.com\/ca\/wp-json\/wp\/v2\/pages\/1207\/revisions\/1591"}],"wp:attachment":[{"href":"https:\/\/balmeswellnesscenter.com\/ca\/wp-json\/wp\/v2\/media?parent=1207"}],"curies":[{"name":"wp","href":"https:\/\/api.w.org\/{rel}","templated":true}]}}