{"id":1244,"date":"2023-11-29T15:13:00","date_gmt":"2023-11-29T15:13:00","guid":{"rendered":"https:\/\/balmeswellnesscenter.com\/regala-benestar\/"},"modified":"2024-05-02T11:01:37","modified_gmt":"2024-05-02T11:01:37","slug":"regala-benestar","status":"publish","type":"page","link":"https:\/\/balmeswellnesscenter.com\/ca\/regala-benestar\/","title":{"rendered":"Regala benestar"},"content":{"rendered":"<section class=\"l-section wpb_row us_custom_793da9f1 height_large full_height valign_center width_full\"><div class=\"l-section-h i-cf\"><div class=\"g-cols vc_row via_grid cols_1 laptops-cols_inherit tablets-cols_inherit mobiles-cols_1 valign_top type_default stacking_default\"><div class=\"wpb_column vc_column_container\"><div class=\"vc_column-inner\"><div class=\"wpb_text_column us_custom_435c636a\"><div class=\"wpb_wrapper\"><h1 style=\"text-align: center;\"><strong>Regala benestar<\/strong><\/h1>\n<p style=\"text-align: center;\">Alguna vegada has sentit la satisfacci\u00f3 de brindar un regal que fa que una altra persona se senti especial? El millor regal que pots oferir a alg\u00fa \u00e9s el benestar. Regalar benestar no \u00e9s nom\u00e9s un gest d&#8217;amor i generositat, sin\u00f3 tamb\u00e9 regalar una experi\u00e8ncia \u00fanica i inoblidable.<\/p>\n<\/div><\/div><div class=\"w-separator us_custom_eb849559 size_small with_line width_30 thick_5 style_solid color_primary align_center\"><div class=\"w-separator-h\"><\/div><\/div><div class=\"w-btn-wrapper align_center\"><a class=\"w-btn us-btn-style_1 us_custom_0f8f44b7 icon_atleft\" href=\"#1\"><i class=\"fas fa-chevron-down\"><\/i><span class=\"w-btn-label\">Saber m\u00e9s<\/span><\/a><\/div><\/div><\/div><\/div><\/div><\/section><section class=\"l-section wpb_row height_huge full_height valign_center width_custom color_primary with_img\" style=\"--site-content-width:880px;\" id=\"1\"><div class=\"l-section-img\" role=\"img\" aria-label=\"Imatge\" data-img-width=\"1200\" data-img-height=\"800\" style=\"background-image: url(https:\/\/balmeswellnesscenter.com\/wp-content\/uploads\/2023\/11\/bono-regalo-renderizado-3d.jpg);\"><\/div><div class=\"l-section-overlay\" style=\"background:linear-gradient(180deg,rgba(0,0,0,0.2),rgba(0,0,0,0.90))\"><\/div><div class=\"l-section-h i-cf\"><div class=\"g-cols vc_row via_grid cols_1 laptops-cols_inherit tablets-cols_inherit mobiles-cols_1 valign_top type_default stacking_default\"><div class=\"wpb_column vc_column_container\"><div class=\"vc_column-inner\"><div class=\"wpb_text_column\"><div class=\"wpb_wrapper\"><h2 style=\"text-align: center;\"><strong>Regala experi\u00e8ncies de benestar per als teus \u00e9ssers estimats o per a dates especials<\/strong><\/h2>\n<p style=\"text-align: center;\">Quan es tracta de trobar el regal perfecte per a un \u00e9sser estimat o una ocasi\u00f3 especial, no hi ha res m\u00e9s considerat que una experi\u00e8ncia de benestar. Des dels nostres massatges relaxants, experi\u00e8ncies per a parelles o tractaments est\u00e8tics, hi ha moltes maneres de demostrar que et preocupes per la salut i el benestar d&#8217;alg\u00fa. El vostre destinatari no nom\u00e9s us podreu relaxar i desconnectar en un entorn tranquil, sin\u00f3 que tamb\u00e9 podreu gaudir d&#8217;una experi\u00e8ncia de benestar.<\/p>\n<\/div><\/div><div class=\"w-btn-wrapper align_center\"><a class=\"w-btn us-btn-style_1 us_custom_0f8f44b7 icon_atleft\" href=\"#2\"><i class=\"fas fa-chevron-down\"><\/i><span class=\"w-btn-label\">Regalar<\/span><\/a><\/div><\/div><\/div><\/div><\/div><\/section><section class=\"l-section wpb_row height_large width_custom\" style=\"--site-content-width:600px;\"><div class=\"l-section-h i-cf\"><div class=\"g-cols vc_row via_grid cols_1 laptops-cols_inherit tablets-cols_inherit mobiles-cols_1 valign_top type_default stacking_default\"><div class=\"wpb_column vc_column_container\"><div class=\"vc_column-inner\"><div class=\"w-separator us_custom_dcd4f45f size_small with_line width_default thick_5 style_solid color_primary align_center\"><div class=\"w-separator-h\"><\/div><\/div><div class=\"wpb_text_column us_custom_55604014 has_text_color\"><div class=\"wpb_wrapper\"><p>Un viatge inoblidable a trav\u00e9s de <span style=\"color: var(--color-content-link);\">les sensacions<\/span><\/p>\n<\/div><\/div><div class=\"w-hwrapper us_custom_0f8f44b7 valign_middle align_left\" style=\"--hwrapper-gap:0.5rem\"><div class=\"w-iconbox iconpos_top style_default color_primary align_center no_text no_title\"><div class=\"w-iconbox-icon\" style=\"font-size:1.5rem;\"><i class=\"fas fa-star\"><\/i><\/div><div class=\"w-iconbox-meta\"><\/div><\/div><div class=\"w-iconbox iconpos_top style_default color_primary align_center no_text no_title\"><div class=\"w-iconbox-icon\" style=\"font-size:1.5rem;\"><i class=\"fas fa-star\"><\/i><\/div><div class=\"w-iconbox-meta\"><\/div><\/div><div class=\"w-iconbox iconpos_top style_default color_primary align_center no_text no_title\"><div class=\"w-iconbox-icon\" style=\"font-size:1.5rem;\"><i class=\"fas fa-star\"><\/i><\/div><div class=\"w-iconbox-meta\"><\/div><\/div><div class=\"w-iconbox iconpos_top style_default color_primary align_center no_text no_title\"><div class=\"w-iconbox-icon\" style=\"font-size:1.5rem;\"><i class=\"fas fa-star\"><\/i><\/div><div class=\"w-iconbox-meta\"><\/div><\/div><div class=\"w-iconbox iconpos_top style_default color_primary align_center no_text no_title\"><div class=\"w-iconbox-icon\" style=\"font-size:1.5rem;\"><i class=\"fas fa-star\"><\/i><\/div><div class=\"w-iconbox-meta\"><\/div><\/div><\/div><\/div><\/div><\/div><\/div><\/section><section class=\"l-section wpb_row height_auto width_full\"><div class=\"l-section-h i-cf\"><div class=\"g-cols vc_row via_grid cols_1 laptops-cols_inherit tablets-cols_inherit mobiles-cols_1 valign_top type_default stacking_default\"><div class=\"wpb_column vc_column_container\"><div class=\"vc_column-inner\"><div class=\"w-grid us_carousel type_carousel layout_gallery_cropped preload_style_spinner items_3 ratio_3x2\" id=\"us_grid_1\" style=\"--items:3;--gap:5px;--item-ratio:0.66667;\"><style>.layout_gallery_cropped .w-grid-item-h{}.layout_gallery_cropped .usg_post_image_1{position:absolute!important;left:0!important;top:0!important;bottom:0!important;right:0!important}<\/style><div class=\"w-grid-list owl-carousel valign_middle dotstyle_circle navstyle_square arrows-ver-pos_stretch arrows-hor-pos_on_sides_inside arrows-disabled_hide owl-responsive-2000 with_arrows\" style=\"--transition-duration:350ms;--arrows-size:1.5rem;--arrows-hor-offset:calc(0px - 5px);--arrows-gap:10px;\">\t<article class=\"w-grid-item post-1136 attachment type-attachment status-inherit hentry\" data-id=\"1136\">\r\n\t\t<div class=\"w-grid-item-h\">\r\n\t\t\t\t\t\t<div class=\"w-post-elm post_image usg_post_image_1 stretched\"><img loading=\"lazy\" decoding=\"async\" width=\"1024\" height=\"768\" src=\"https:\/\/balmeswellnesscenter.com\/wp-content\/uploads\/2023\/11\/WhatsApp-Image-2021-07-23-at-13.18.09.jpg\" class=\"attachment-large size-large\" alt=\"\" srcset=\"https:\/\/balmeswellnesscenter.com\/wp-content\/uploads\/2023\/11\/WhatsApp-Image-2021-07-23-at-13.18.09.jpg 1024w, https:\/\/balmeswellnesscenter.com\/wp-content\/uploads\/2023\/11\/WhatsApp-Image-2021-07-23-at-13.18.09-300x225.jpg 300w\" sizes=\"auto, (max-width: 1024px) 100vw, 1024px\" \/><\/div>\t\t<\/div>\r\n\t\t\t<\/article>\r\n\t<article class=\"w-grid-item post-1138 attachment type-attachment status-inherit hentry\" data-id=\"1138\">\r\n\t\t<div class=\"w-grid-item-h\">\r\n\t\t\t\t\t\t<div class=\"w-post-elm post_image usg_post_image_1 stretched\"><img loading=\"lazy\" decoding=\"async\" width=\"1024\" height=\"768\" src=\"https:\/\/balmeswellnesscenter.com\/wp-content\/uploads\/2023\/11\/WhatsApp-Image-2021-07-23-at-13.18.09-4.jpg\" class=\"attachment-large size-large\" alt=\"\" srcset=\"https:\/\/balmeswellnesscenter.com\/wp-content\/uploads\/2023\/11\/WhatsApp-Image-2021-07-23-at-13.18.09-4.jpg 1024w, https:\/\/balmeswellnesscenter.com\/wp-content\/uploads\/2023\/11\/WhatsApp-Image-2021-07-23-at-13.18.09-4-300x225.jpg 300w\" sizes=\"auto, (max-width: 1024px) 100vw, 1024px\" \/><\/div>\t\t<\/div>\r\n\t\t\t<\/article>\r\n\t<article class=\"w-grid-item post-1149 attachment type-attachment status-inherit hentry\" data-id=\"1149\">\r\n\t\t<div class=\"w-grid-item-h\">\r\n\t\t\t\t\t\t<div class=\"w-post-elm post_image usg_post_image_1 stretched\"><img loading=\"lazy\" decoding=\"async\" width=\"1000\" height=\"667\" src=\"https:\/\/balmeswellnesscenter.com\/wp-content\/uploads\/2024\/04\/balmes-wellness-center.jpg\" class=\"attachment-large size-large\" alt=\"\" srcset=\"https:\/\/balmeswellnesscenter.com\/wp-content\/uploads\/2024\/04\/balmes-wellness-center.jpg 1000w, https:\/\/balmeswellnesscenter.com\/wp-content\/uploads\/2024\/04\/balmes-wellness-center-300x200.jpg 300w\" sizes=\"auto, (max-width: 1000px) 100vw, 1000px\" \/><\/div>\t\t<\/div>\r\n\t\t\t<\/article>\r\n\t<article class=\"w-grid-item post-1148 attachment type-attachment status-inherit hentry\" data-id=\"1148\">\r\n\t\t<div class=\"w-grid-item-h\">\r\n\t\t\t\t\t\t<div class=\"w-post-elm post_image usg_post_image_1 stretched\"><img loading=\"lazy\" decoding=\"async\" width=\"1000\" height=\"667\" src=\"https:\/\/balmeswellnesscenter.com\/wp-content\/uploads\/2024\/04\/balmes-wellness-center2.jpg\" class=\"attachment-large size-large\" alt=\"\" srcset=\"https:\/\/balmeswellnesscenter.com\/wp-content\/uploads\/2024\/04\/balmes-wellness-center2.jpg 1000w, https:\/\/balmeswellnesscenter.com\/wp-content\/uploads\/2024\/04\/balmes-wellness-center2-300x200.jpg 300w\" sizes=\"auto, (max-width: 1000px) 100vw, 1000px\" \/><\/div>\t\t<\/div>\r\n\t\t\t<\/article>\r\n\t<article class=\"w-grid-item post-1147 attachment type-attachment status-inherit hentry\" data-id=\"1147\">\r\n\t\t<div class=\"w-grid-item-h\">\r\n\t\t\t\t\t\t<div class=\"w-post-elm post_image usg_post_image_1 stretched\"><img loading=\"lazy\" decoding=\"async\" width=\"1000\" height=\"667\" src=\"https:\/\/balmeswellnesscenter.com\/wp-content\/uploads\/2024\/04\/balmes-wellness-center3.jpg\" class=\"attachment-large size-large\" alt=\"\" srcset=\"https:\/\/balmeswellnesscenter.com\/wp-content\/uploads\/2024\/04\/balmes-wellness-center3.jpg 1000w, https:\/\/balmeswellnesscenter.com\/wp-content\/uploads\/2024\/04\/balmes-wellness-center3-300x200.jpg 300w\" sizes=\"auto, (max-width: 1000px) 100vw, 1000px\" \/><\/div>\t\t<\/div>\r\n\t\t\t<\/article>\r\n\t<article class=\"w-grid-item post-1146 attachment type-attachment status-inherit hentry\" data-id=\"1146\">\r\n\t\t<div class=\"w-grid-item-h\">\r\n\t\t\t\t\t\t<div class=\"w-post-elm post_image usg_post_image_1 stretched\"><img loading=\"lazy\" decoding=\"async\" width=\"1000\" height=\"667\" src=\"https:\/\/balmeswellnesscenter.com\/wp-content\/uploads\/2024\/04\/balmes-wellness-center4.jpg\" class=\"attachment-large size-large\" alt=\"\" srcset=\"https:\/\/balmeswellnesscenter.com\/wp-content\/uploads\/2024\/04\/balmes-wellness-center4.jpg 1000w, https:\/\/balmeswellnesscenter.com\/wp-content\/uploads\/2024\/04\/balmes-wellness-center4-300x200.jpg 300w\" sizes=\"auto, (max-width: 1000px) 100vw, 1000px\" \/><\/div>\t\t<\/div>\r\n\t\t\t<\/article>\r\n<\/div><div class=\"w-grid-carousel-json hidden\" onclick='return {&quot;carousel_settings&quot;:{&quot;aria_labels&quot;:{&quot;prev&quot;:&quot;Anterior&quot;,&quot;next&quot;:&quot;Seg\\u00fcent&quot;},&quot;autoplayContinual&quot;:false,&quot;autoplayHoverPause&quot;:false,&quot;autoplayTimeout&quot;:3000,&quot;autoWidth&quot;:false,&quot;smartSpeed&quot;:350,&quot;margin&quot;:0,&quot;mouseDrag&quot;:true,&quot;rtl&quot;:false,&quot;slideBy&quot;:&quot;1&quot;,&quot;touchDrag&quot;:true,&quot;slideTransition&quot;:&quot;&quot;,&quot;responsive&quot;:{&quot;0&quot;:{&quot;autoHeight&quot;:false,&quot;autoplay&quot;:true,&quot;autoWidth&quot;:false,&quot;center&quot;:false,&quot;dots&quot;:false,&quot;items&quot;:1,&quot;loop&quot;:true,&quot;nav&quot;:false,&quot;stagePadding&quot;:30,&quot;slideBy&quot;:&quot;1&quot;},&quot;601&quot;:{&quot;autoHeight&quot;:false,&quot;autoplay&quot;:true,&quot;autoWidth&quot;:false,&quot;center&quot;:false,&quot;dots&quot;:false,&quot;items&quot;:2,&quot;loop&quot;:true,&quot;nav&quot;:true,&quot;stagePadding&quot;:80,&quot;slideBy&quot;:&quot;1&quot;},&quot;1025&quot;:{&quot;autoHeight&quot;:false,&quot;autoplay&quot;:true,&quot;autoWidth&quot;:false,&quot;center&quot;:false,&quot;dots&quot;:false,&quot;items&quot;:3,&quot;loop&quot;:true,&quot;nav&quot;:true,&quot;stagePadding&quot;:80,&quot;slideBy&quot;:&quot;1&quot;},&quot;1381&quot;:{&quot;items&quot;:3,&quot;autoplay&quot;:false,&quot;center&quot;:false,&quot;dots&quot;:false,&quot;nav&quot;:true,&quot;autoHeight&quot;:false,&quot;autoWidth&quot;:false,&quot;loop&quot;:true,&quot;stagePadding&quot;:80}}}}'><\/div><\/div><\/div><\/div><\/div><\/div><\/section><section class=\"l-section wpb_row height_large\"><div class=\"l-section-h i-cf\"><div class=\"g-cols vc_row via_grid cols_1 laptops-cols_inherit tablets-cols_inherit mobiles-cols_1 valign_top type_default stacking_default\" style=\"--columns-gap:0rem;\"><div class=\"wpb_column vc_column_container\"><div class=\"vc_column-inner\"><div class=\"wpb_text_column\"><div class=\"wpb_wrapper\"><h3 style=\"text-align: center;\">Regala una experi\u00e8ncia \u00fanica<\/h3>\n<\/div><\/div><div class=\"w-separator us_custom_eb849559 size_small with_line width_50 thick_5 style_solid color_primary align_center\"><div class=\"w-separator-h\"><\/div><\/div><div class=\"w-separator us_custom_eb849559 size_custom\" style=\"height:30px\" id=\"k127\"><style><\/style><\/div><div class=\"w-separator us_custom_eb849559 size_custom\" style=\"height:30px\" id=\"d234\"><style><\/style><\/div><div class=\"g-cols wpb_row via_grid cols_2 laptops-cols_inherit tablets-cols_1 mobiles-cols_1 valign_middle type_default stacking_default\" style=\"--columns-gap:3rem;\"><div class=\"wpb_column vc_column_container\"><div class=\"vc_column-inner\"><div class=\"w-iconbox iconpos_left style_default color_primary align_left\"><div class=\"w-iconbox-icon\" style=\"font-size:50px;\"><i class=\"fas fa-heart\"><\/i><\/div><div class=\"w-iconbox-meta\"><h4 class=\"w-iconbox-title\">Benestar<\/h4><div class=\"w-iconbox-text\"><p>Amb els nostres tractaments redescobrir\u00e0s el significat de la paraula benestar.<\/p>\n<\/div><\/div><\/div><div class=\"w-separator size_large\"><\/div><div class=\"w-iconbox iconpos_left style_default color_primary align_left\"><div class=\"w-iconbox-icon\" style=\"font-size:50px;\"><i class=\"fas fa-hands\"><\/i><\/div><div class=\"w-iconbox-meta\"><h4 class=\"w-iconbox-title\">Massatgistes professionals<\/h4><div class=\"w-iconbox-text\"><p><span style=\"vertical-align: inherit;\"><span style=\"vertical-align: inherit;\">El nostre equip de massatgistes est\u00e0 altament qualificat a cadascuna de les seves disciplines.<\/span><\/span><\/p>\n<\/div><\/div><\/div><div class=\"w-separator size_large\"><\/div><div class=\"w-iconbox iconpos_left style_default color_primary align_left\"><div class=\"w-iconbox-icon\" style=\"font-size:50px;\"><i class=\"fas fa-yin-yang\"><\/i><\/div><div class=\"w-iconbox-meta\"><h4 class=\"w-iconbox-title\">Harmonia<\/h4><div class=\"w-iconbox-text\"><p>Torna a sentir la connexi\u00f3 entre el teu cos i la ment.<\/p>\n<\/div><\/div><\/div><\/div><\/div><div class=\"wpb_column vc_column_container\"><div class=\"vc_column-inner\"><div class=\"w-image us_custom_fd2a8abf has_ratio align_none\"><div class=\"w-image-h\"><div style=\"padding-bottom:100%\"><\/div><img decoding=\"async\" width=\"1024\" height=\"683\" src=\"https:\/\/balmeswellnesscenter.com\/wp-content\/uploads\/2023\/11\/placer-recibir-masaje-1024x683.jpg\" class=\"attachment-large size-large\" alt=\"\" loading=\"lazy\" \/><\/div><\/div><\/div><\/div><\/div><div class=\"w-separator us_custom_eb849559 size_custom\" id=\"2\" style=\"height:1px\"><style><\/style><\/div><\/div><\/div><\/div><\/div><\/section>\n","protected":false},"excerpt":{"rendered":"","protected":false},"author":1,"featured_media":0,"parent":0,"menu_order":0,"comment_status":"closed","ping_status":"closed","template":"","meta":{"_joinchat":[],"footnotes":""},"class_list":["post-1244","page","type-page","status-publish","hentry"],"yoast_head":"<!-- This site is optimized with the Yoast SEO plugin v27.3 - https:\/\/yoast.com\/product\/yoast-seo-wordpress\/ -->\n<title>Regala benestar - Balmes Wellness Center<\/title>\n<meta name=\"robots\" content=\"index, follow, max-snippet:-1, max-image-preview:large, max-video-preview:-1\" \/>\n<link rel=\"canonical\" href=\"https:\/\/balmeswellnesscenter.com\/ca\/regala-benestar\/\" \/>\n<meta property=\"og:locale\" content=\"ca_ES\" \/>\n<meta property=\"og:type\" content=\"article\" \/>\n<meta property=\"og:title\" content=\"Regala benestar - Balmes Wellness Center\" \/>\n<meta property=\"og:url\" content=\"https:\/\/balmeswellnesscenter.com\/ca\/regala-benestar\/\" \/>\n<meta property=\"og:site_name\" content=\"Balmes Wellness Center\" \/>\n<meta property=\"article:modified_time\" content=\"2024-05-02T11:01:37+00:00\" \/>\n<meta property=\"og:image\" content=\"https:\/\/balmeswellnesscenter.com\/wp-content\/uploads\/2023\/11\/toallas-velas-colocan-sobre-mesa-flor-verde.jpg\" \/>\n\t<meta property=\"og:image:width\" content=\"1200\" \/>\n\t<meta property=\"og:image:height\" content=\"821\" \/>\n\t<meta property=\"og:image:type\" content=\"image\/jpeg\" \/>\n<meta name=\"twitter:card\" content=\"summary_large_image\" \/>\n<meta name=\"twitter:label1\" content=\"Temps estimat de lectura\" \/>\n\t<meta name=\"twitter:data1\" content=\"4 minuts\" \/>\n<script type=\"application\/ld+json\" class=\"yoast-schema-graph\">{\"@context\":\"https:\\\/\\\/schema.org\",\"@graph\":[{\"@type\":\"WebPage\",\"@id\":\"https:\\\/\\\/balmeswellnesscenter.com\\\/ca\\\/regala-benestar\\\/\",\"url\":\"https:\\\/\\\/balmeswellnesscenter.com\\\/ca\\\/regala-benestar\\\/\",\"name\":\"Regala benestar - Balmes Wellness Center\",\"isPartOf\":{\"@id\":\"https:\\\/\\\/balmeswellnesscenter.com\\\/ca\\\/#website\"},\"datePublished\":\"2023-11-29T15:13:00+00:00\",\"dateModified\":\"2024-05-02T11:01:37+00:00\",\"breadcrumb\":{\"@id\":\"https:\\\/\\\/balmeswellnesscenter.com\\\/ca\\\/regala-benestar\\\/#breadcrumb\"},\"inLanguage\":\"ca\",\"potentialAction\":[{\"@type\":\"ReadAction\",\"target\":[\"https:\\\/\\\/balmeswellnesscenter.com\\\/ca\\\/regala-benestar\\\/\"]}]},{\"@type\":\"BreadcrumbList\",\"@id\":\"https:\\\/\\\/balmeswellnesscenter.com\\\/ca\\\/regala-benestar\\\/#breadcrumb\",\"itemListElement\":[{\"@type\":\"ListItem\",\"position\":1,\"name\":\"Portada\",\"item\":\"https:\\\/\\\/balmeswellnesscenter.com\\\/ca\\\/inici\\\/\"},{\"@type\":\"ListItem\",\"position\":2,\"name\":\"Regala benestar\"}]},{\"@type\":\"WebSite\",\"@id\":\"https:\\\/\\\/balmeswellnesscenter.com\\\/ca\\\/#website\",\"url\":\"https:\\\/\\\/balmeswellnesscenter.com\\\/ca\\\/\",\"name\":\"BalmesWellnessCenter.com\",\"description\":\"BalmesWellnessCenter.com\",\"publisher\":{\"@id\":\"https:\\\/\\\/balmeswellnesscenter.com\\\/ca\\\/#organization\"},\"alternateName\":\"Balmes Wellness Center\",\"potentialAction\":[{\"@type\":\"SearchAction\",\"target\":{\"@type\":\"EntryPoint\",\"urlTemplate\":\"https:\\\/\\\/balmeswellnesscenter.com\\\/ca\\\/?s={search_term_string}\"},\"query-input\":{\"@type\":\"PropertyValueSpecification\",\"valueRequired\":true,\"valueName\":\"search_term_string\"}}],\"inLanguage\":\"ca\"},{\"@type\":\"Organization\",\"@id\":\"https:\\\/\\\/balmeswellnesscenter.com\\\/ca\\\/#organization\",\"name\":\"BalmesWellnessCenter.com\",\"url\":\"https:\\\/\\\/balmeswellnesscenter.com\\\/ca\\\/\",\"logo\":{\"@type\":\"ImageObject\",\"inLanguage\":\"ca\",\"@id\":\"https:\\\/\\\/balmeswellnesscenter.com\\\/ca\\\/#\\\/schema\\\/logo\\\/image\\\/\",\"url\":\"https:\\\/\\\/balmeswellnesscenter.com\\\/wp-content\\\/uploads\\\/2024\\\/01\\\/Logotipo-dorado-fondo-negro.jpg\",\"contentUrl\":\"https:\\\/\\\/balmeswellnesscenter.com\\\/wp-content\\\/uploads\\\/2024\\\/01\\\/Logotipo-dorado-fondo-negro.jpg\",\"width\":814,\"height\":764,\"caption\":\"BalmesWellnessCenter.com\"},\"image\":{\"@id\":\"https:\\\/\\\/balmeswellnesscenter.com\\\/ca\\\/#\\\/schema\\\/logo\\\/image\\\/\"}}]}<\/script>\n<!-- \/ Yoast SEO plugin. -->","yoast_head_json":{"title":"Regala benestar - Balmes Wellness Center","robots":{"index":"index","follow":"follow","max-snippet":"max-snippet:-1","max-image-preview":"max-image-preview:large","max-video-preview":"max-video-preview:-1"},"canonical":"https:\/\/balmeswellnesscenter.com\/ca\/regala-benestar\/","og_locale":"ca_ES","og_type":"article","og_title":"Regala benestar - Balmes Wellness Center","og_url":"https:\/\/balmeswellnesscenter.com\/ca\/regala-benestar\/","og_site_name":"Balmes Wellness Center","article_modified_time":"2024-05-02T11:01:37+00:00","og_image":[{"width":1200,"height":821,"url":"https:\/\/balmeswellnesscenter.com\/wp-content\/uploads\/2023\/11\/toallas-velas-colocan-sobre-mesa-flor-verde.jpg","type":"image\/jpeg"}],"twitter_card":"summary_large_image","twitter_misc":{"Temps estimat de lectura":"4 minuts"},"schema":{"@context":"https:\/\/schema.org","@graph":[{"@type":"WebPage","@id":"https:\/\/balmeswellnesscenter.com\/ca\/regala-benestar\/","url":"https:\/\/balmeswellnesscenter.com\/ca\/regala-benestar\/","name":"Regala benestar - Balmes Wellness Center","isPartOf":{"@id":"https:\/\/balmeswellnesscenter.com\/ca\/#website"},"datePublished":"2023-11-29T15:13:00+00:00","dateModified":"2024-05-02T11:01:37+00:00","breadcrumb":{"@id":"https:\/\/balmeswellnesscenter.com\/ca\/regala-benestar\/#breadcrumb"},"inLanguage":"ca","potentialAction":[{"@type":"ReadAction","target":["https:\/\/balmeswellnesscenter.com\/ca\/regala-benestar\/"]}]},{"@type":"BreadcrumbList","@id":"https:\/\/balmeswellnesscenter.com\/ca\/regala-benestar\/#breadcrumb","itemListElement":[{"@type":"ListItem","position":1,"name":"Portada","item":"https:\/\/balmeswellnesscenter.com\/ca\/inici\/"},{"@type":"ListItem","position":2,"name":"Regala benestar"}]},{"@type":"WebSite","@id":"https:\/\/balmeswellnesscenter.com\/ca\/#website","url":"https:\/\/balmeswellnesscenter.com\/ca\/","name":"BalmesWellnessCenter.com","description":"BalmesWellnessCenter.com","publisher":{"@id":"https:\/\/balmeswellnesscenter.com\/ca\/#organization"},"alternateName":"Balmes Wellness Center","potentialAction":[{"@type":"SearchAction","target":{"@type":"EntryPoint","urlTemplate":"https:\/\/balmeswellnesscenter.com\/ca\/?s={search_term_string}"},"query-input":{"@type":"PropertyValueSpecification","valueRequired":true,"valueName":"search_term_string"}}],"inLanguage":"ca"},{"@type":"Organization","@id":"https:\/\/balmeswellnesscenter.com\/ca\/#organization","name":"BalmesWellnessCenter.com","url":"https:\/\/balmeswellnesscenter.com\/ca\/","logo":{"@type":"ImageObject","inLanguage":"ca","@id":"https:\/\/balmeswellnesscenter.com\/ca\/#\/schema\/logo\/image\/","url":"https:\/\/balmeswellnesscenter.com\/wp-content\/uploads\/2024\/01\/Logotipo-dorado-fondo-negro.jpg","contentUrl":"https:\/\/balmeswellnesscenter.com\/wp-content\/uploads\/2024\/01\/Logotipo-dorado-fondo-negro.jpg","width":814,"height":764,"caption":"BalmesWellnessCenter.com"},"image":{"@id":"https:\/\/balmeswellnesscenter.com\/ca\/#\/schema\/logo\/image\/"}}]}},"_links":{"self":[{"href":"https:\/\/balmeswellnesscenter.com\/ca\/wp-json\/wp\/v2\/pages\/1244","targetHints":{"allow":["GET"]}}],"collection":[{"href":"https:\/\/balmeswellnesscenter.com\/ca\/wp-json\/wp\/v2\/pages"}],"about":[{"href":"https:\/\/balmeswellnesscenter.com\/ca\/wp-json\/wp\/v2\/types\/page"}],"author":[{"embeddable":true,"href":"https:\/\/balmeswellnesscenter.com\/ca\/wp-json\/wp\/v2\/users\/1"}],"replies":[{"embeddable":true,"href":"https:\/\/balmeswellnesscenter.com\/ca\/wp-json\/wp\/v2\/comments?post=1244"}],"version-history":[{"count":0,"href":"https:\/\/balmeswellnesscenter.com\/ca\/wp-json\/wp\/v2\/pages\/1244\/revisions"}],"wp:attachment":[{"href":"https:\/\/balmeswellnesscenter.com\/ca\/wp-json\/wp\/v2\/media?parent=1244"}],"curies":[{"name":"wp","href":"https:\/\/api.w.org\/{rel}","templated":true}]}}